{"id":102,"date":"2021-04-21T20:08:35","date_gmt":"2021-04-21T20:08:35","guid":{"rendered":"https:\/\/latausplus.fi\/?page_id=102"},"modified":"2024-09-18T19:34:27","modified_gmt":"2024-09-18T19:34:27","slug":"kotilaturit","status":"publish","type":"page","link":"https:\/\/latausplus.fi\/?page_id=102","title":{"rendered":"Kotilaturit"},"content":{"rendered":"\n<p class=\"has-medium-font-size\"><strong>Kotilaturit (11kW &#8211; 22kW)<\/strong><\/p>\n\n\n\n<p>Meilt\u00e4 saa my\u00f6s kotik\u00e4ytt\u00f6\u00f6n sopivat laturit. N\u00e4it\u00e4 on eri tehohoisia; 3,7 kW, 7 kW, 11 kW ja 22 kW. Yleisesti omakotitaloissa k\u00e4ytet\u00e4\u00e4n 25A p\u00e4\u00e4sulakkeita, joka tarkoittaa k\u00e4yt\u00e4nn\u00f6ss\u00e4 sit\u00e4, ett\u00e4 laturin tulee olla 16A virralle rajoitettu, joko 1-vaiheisena 3,7 kW tai 3-vaiheisena 11 kW. Mik\u00e4li talossa on v\u00e4hint\u00e4\u00e4n 35A p\u00e4\u00e4sulakkeet ja muu kuormitus on v\u00e4h\u00e4ist\u00e4, voivat kyseeseen tulla my\u00f6s 32A virralla 1-vaiheisena 7 kW ja 3-vaiheisena 22 kW. Mik\u00e4li sulakkeet eiv\u00e4t riit\u00e4, voi latureiden ottaman enimm\u00e4isvirran m\u00e4\u00e4ritell\u00e4 my\u00f6s pienemm\u00e4ksi kuin maksimivirran mukaiseksi.<\/p>\n\n\n\n<p>Kotilaturit ovat yleens\u00e4 ns. yksin\u00e4isi\u00e4 laitteita, jotka eiv\u00e4t liity mihink\u00e4\u00e4n laajempaan j\u00e4rjestelm\u00e4\u00e4n. Meilt\u00e4 saat kotilaturit my\u00f6s Lataus+ verkkoon liitett\u00e4v\u00e4ksi, joka mahdollistaa esimerkiksi laturin jakamisen yleiseen k\u00e4ytt\u00f6\u00f6n.<\/p>\n\n\n\n<figure class=\"wp-block-gallery has-nested-images columns-default is-cropped wp-block-gallery-1 is-layout-flex wp-block-gallery-is-layout-flex\">\n<figure class=\"wp-block-image size-large\"><a href=\"https:\/\/latausplus.fi\/wp-content\/uploads\/2021\/09\/type-2-rfid.jpg\"><img loading=\"lazy\" decoding=\"async\" width=\"320\" height=\"237\" data-id=\"279\" src=\"https:\/\/latausplus.fi\/wp-content\/uploads\/2021\/09\/type-2-rfid.jpg\" alt=\"\" class=\"wp-image-279\" srcset=\"https:\/\/latausplus.fi\/wp-content\/uploads\/2021\/09\/type-2-rfid.jpg 320w, https:\/\/latausplus.fi\/wp-content\/uploads\/2021\/09\/type-2-rfid-300x222.jpg 300w\" sizes=\"auto, (max-width: 320px) 100vw, 320px\" \/><\/a><figcaption class=\"wp-element-caption\">22 kW Kotilaturi (Type 2) RFID<\/figcaption><\/figure>\n\n\n\n<figure class=\"wp-block-image size-large\"><a href=\"https:\/\/latausplus.fi\/wp-content\/uploads\/2021\/04\/Kotilaturi1.jpg\"><img loading=\"lazy\" decoding=\"async\" width=\"320\" height=\"240\" data-id=\"104\" src=\"https:\/\/latausplus.fi\/wp-content\/uploads\/2021\/04\/Kotilaturi1.jpg\" alt=\"\" class=\"wp-image-104\" srcset=\"https:\/\/latausplus.fi\/wp-content\/uploads\/2021\/04\/Kotilaturi1.jpg 320w, https:\/\/latausplus.fi\/wp-content\/uploads\/2021\/04\/Kotilaturi1-300x225.jpg 300w\" sizes=\"auto, (max-width: 320px) 100vw, 320px\" \/><\/a><figcaption class=\"wp-element-caption\">Kotilatureita l\u00f6ytyy useita malleja. T\u00e4ss\u00e4 yksi malli kahden v\u00e4risen\u00e4.<\/figcaption><\/figure>\n<\/figure>\n\n\n\n<p><\/p>\n","protected":false},"excerpt":{"rendered":"<p>Kotilaturit (11kW &#8211; 22kW) Meilt\u00e4 saa my\u00f6s kotik\u00e4ytt\u00f6\u00f6n sopivat laturit. N\u00e4it\u00e4 on eri tehohoisia; 3,7 kW, 7 kW, 11 kW ja 22 kW. Yleisesti omakotitaloissa k\u00e4ytet\u00e4\u00e4n 25A p\u00e4\u00e4sulakkeita, joka tarkoittaa k\u00e4yt\u00e4nn\u00f6ss\u00e4 sit\u00e4, ett\u00e4 laturin tulee olla 16A virralle rajoitettu, joko 1-vaiheisena 3,7 kW tai 3-vaiheisena 11 kW. Mik\u00e4li talossa on v\u00e4hint\u00e4\u00e4n 35A p\u00e4\u00e4sulakkeet ja muu [&hellip;]<\/p>\n","protected":false},"author":1,"featured_media":0,"parent":0,"menu_order":0,"comment_status":"closed","ping_status":"closed","template":"","meta":{"zakra_page_container_layout":"customizer","zakra_page_sidebar_layout":"customizer","zakra_remove_content_margin":false,"zakra_sidebar":"customizer","zakra_transparent_header":"customizer","zakra_logo":0,"zakra_main_header_style":"default","zakra_menu_item_color":"","zakra_menu_item_hover_color":"","zakra_menu_item_active_color":"","zakra_menu_active_style":"","zakra_page_header":true,"footnotes":""},"class_list":["post-102","page","type-page","status-publish","hentry"],"_links":{"self":[{"href":"https:\/\/latausplus.fi\/index.php?rest_route=\/wp\/v2\/pages\/102","targetHints":{"allow":["GET"]}}],"collection":[{"href":"https:\/\/latausplus.fi\/index.php?rest_route=\/wp\/v2\/pages"}],"about":[{"href":"https:\/\/latausplus.fi\/index.php?rest_route=\/wp\/v2\/types\/page"}],"author":[{"embeddable":true,"href":"https:\/\/latausplus.fi\/index.php?rest_route=\/wp\/v2\/users\/1"}],"replies":[{"embeddable":true,"href":"https:\/\/latausplus.fi\/index.php?rest_route=%2Fwp%2Fv2%2Fcomments&post=102"}],"version-history":[{"count":11,"href":"https:\/\/latausplus.fi\/index.php?rest_route=\/wp\/v2\/pages\/102\/revisions"}],"predecessor-version":[{"id":766,"href":"https:\/\/latausplus.fi\/index.php?rest_route=\/wp\/v2\/pages\/102\/revisions\/766"}],"wp:attachment":[{"href":"https:\/\/latausplus.fi\/index.php?rest_route=%2Fwp%2Fv2%2Fmedia&parent=102"}],"curies":[{"name":"wp","href":"https:\/\/api.w.org\/{rel}","templated":true}]}}