{"id":108,"date":"2021-04-21T20:08:18","date_gmt":"2021-04-21T20:08:18","guid":{"rendered":"https:\/\/latausplus.fi\/?page_id=108"},"modified":"2024-09-19T07:48:42","modified_gmt":"2024-09-19T07:48:42","slug":"keskinopeat-laturit","status":"publish","type":"page","link":"https:\/\/latausplus.fi\/?page_id=108","title":{"rendered":"Keskinopeat laturit"},"content":{"rendered":"\n<p class=\"has-medium-font-size\"><strong>Keskinopeat laturit (22kW)<\/strong><\/p>\n\n\n\n<div class=\"wp-block-cover alignright is-repeated has-aspect-ratio\" style=\"border-width:1px;margin-top:var(--wp--preset--spacing--20);margin-bottom:var(--wp--preset--spacing--20);padding-top:var(--wp--preset--spacing--60);padding-right:var(--wp--preset--spacing--60);padding-bottom:var(--wp--preset--spacing--60);padding-left:var(--wp--preset--spacing--60);min-height:93px;aspect-ratio:auto;min-height:unset;\"><span aria-hidden=\"true\" class=\"wp-block-cover__background has-background-dim\"><\/span><div class=\"wp-block-cover__image-background wp-image-787 is-repeated\" style=\"background-position:100% 50%;background-image:url(https:\/\/latausplus.fi\/wp-content\/uploads\/2024\/09\/Mallistov3.png)\"><\/div><div class=\"wp-block-cover__inner-container is-layout-flow wp-container-core-cover-is-layout-d93ad476 wp-block-cover-is-layout-flow\">\n<p class=\"has-text-align-center has-white-color has-text-color has-link-color has-medium-font-size wp-elements-f1167f4f82315ff1d924690f9fcf7992\"><a href=\"https:\/\/latausplus.fi\/wp-content\/uploads\/2024\/09\/Laturimallistov3.pdf\" data-type=\"link\" data-id=\"https:\/\/latausplus.fi\/wp-content\/uploads\/2024\/09\/Laturimallistov3.pdf\"><strong>Avaa tuote-esite (PDF)<\/strong><\/a><\/p>\n<\/div><\/div>\n\n\n\n<p class=\"has-medium-font-size\"><\/p>\n\n\n\n<p>Keskinopeat laturit on tarkoitettu lataamiseen esimerkiksi taloyhti\u00f6den, hotellien ja ty\u00f6paikkojen pys\u00e4k\u00f6intipaikoilla.<\/p>\n\n\n\n<p>Teholtaan keskinopeat laturit ovat 22kW. Liit\u00e4nt\u00e4tapana on joko Type2-pistorasia, Type2 kiinte\u00e4 kaapeli tai niiden yhdistelm\u00e4. Aktiiviseen lataamiseen suosittelemme kiinte\u00e4\u00e4 kaapelia, koska sen k\u00e4ytt\u00e4minen on huomattavasti mieluisampaa, koska omaa kaapelia ei tarvitse kaivaa esille.<\/p>\n\n\n\n<p>Joissain tapauksissa Type2-pistorasia on my\u00f6s hyv\u00e4 olla olemassa, sill\u00e4 on autoja, joissa on Type1 liit\u00e4nt\u00e4 ja n\u00e4iden autojen omistajilla on yleens\u00e4 mukanaan Type2 to Type1 -kaapeli, joka voidaan liitt\u00e4\u00e4 pistorasiaan, mutta ei kiinte\u00e4\u00e4n kaapeliin.<\/p>\n\n\n\n<p>Kaikki valikoimassamme olevat keskinopeat mallit hy\u00f6dynt\u00e4v\u00e4t Lataus+ verkostoa. Ne voidaan m\u00e4\u00e4ritell\u00e4 julkisiksi tai yksityisiksi ja kaikki verkoston erityisominaisuudet ovat niihin saatavilla.<\/p>\n\n\n\n<figure class=\"wp-block-gallery has-nested-images columns-default is-cropped wp-block-gallery-1 is-layout-flex wp-block-gallery-is-layout-flex\">\n<figure class=\"wp-block-image size-large\"><a href=\"https:\/\/latausplus.fi\/wp-content\/uploads\/2021\/03\/ac-laturi1.jpg\"><img loading=\"lazy\" decoding=\"async\" width=\"365\" height=\"486\" data-id=\"30\" src=\"https:\/\/latausplus.fi\/wp-content\/uploads\/2021\/03\/ac-laturi1.jpg\" alt=\"\" class=\"wp-image-30\" srcset=\"https:\/\/latausplus.fi\/wp-content\/uploads\/2021\/03\/ac-laturi1.jpg 365w, https:\/\/latausplus.fi\/wp-content\/uploads\/2021\/03\/ac-laturi1-225x300.jpg 225w\" sizes=\"auto, (max-width: 365px) 100vw, 365px\" \/><\/a><figcaption class=\"wp-element-caption\">AC Laturi kahdelle autolle Type2-pistorasioilla<\/figcaption><\/figure>\n<\/figure>\n\n\n\n<p><\/p>\n\n\n\n<p><\/p>\n","protected":false},"excerpt":{"rendered":"<p>Keskinopeat laturit (22kW) Keskinopeat laturit on tarkoitettu lataamiseen esimerkiksi taloyhti\u00f6den, hotellien ja ty\u00f6paikkojen pys\u00e4k\u00f6intipaikoilla. Teholtaan keskinopeat laturit ovat 22kW. Liit\u00e4nt\u00e4tapana on joko Type2-pistorasia, Type2 kiinte\u00e4 kaapeli tai niiden yhdistelm\u00e4. Aktiiviseen lataamiseen suosittelemme kiinte\u00e4\u00e4 kaapelia, koska sen k\u00e4ytt\u00e4minen on huomattavasti mieluisampaa, koska omaa kaapelia ei tarvitse kaivaa esille. Joissain tapauksissa Type2-pistorasia on my\u00f6s hyv\u00e4 olla olemassa, [&hellip;]<\/p>\n","protected":false},"author":1,"featured_media":0,"parent":0,"menu_order":0,"comment_status":"closed","ping_status":"closed","template":"","meta":{"zakra_page_container_layout":"customizer","zakra_page_sidebar_layout":"customizer","zakra_remove_content_margin":false,"zakra_sidebar":"customizer","zakra_transparent_header":"customizer","zakra_logo":0,"zakra_main_header_style":"default","zakra_menu_item_color":"","zakra_menu_item_hover_color":"","zakra_menu_item_active_color":"","zakra_menu_active_style":"","zakra_page_header":true,"footnotes":""},"class_list":["post-108","page","type-page","status-publish","hentry"],"_links":{"self":[{"href":"https:\/\/latausplus.fi\/index.php?rest_route=\/wp\/v2\/pages\/108","targetHints":{"allow":["GET"]}}],"collection":[{"href":"https:\/\/latausplus.fi\/index.php?rest_route=\/wp\/v2\/pages"}],"about":[{"href":"https:\/\/latausplus.fi\/index.php?rest_route=\/wp\/v2\/types\/page"}],"author":[{"embeddable":true,"href":"https:\/\/latausplus.fi\/index.php?rest_route=\/wp\/v2\/users\/1"}],"replies":[{"embeddable":true,"href":"https:\/\/latausplus.fi\/index.php?rest_route=%2Fwp%2Fv2%2Fcomments&post=108"}],"version-history":[{"count":15,"href":"https:\/\/latausplus.fi\/index.php?rest_route=\/wp\/v2\/pages\/108\/revisions"}],"predecessor-version":[{"id":823,"href":"https:\/\/latausplus.fi\/index.php?rest_route=\/wp\/v2\/pages\/108\/revisions\/823"}],"wp:attachment":[{"href":"https:\/\/latausplus.fi\/index.php?rest_route=%2Fwp%2Fv2%2Fmedia&parent=108"}],"curies":[{"name":"wp","href":"https:\/\/api.w.org\/{rel}","templated":true}]}}