{"id":115,"date":"2021-04-21T20:08:01","date_gmt":"2021-04-21T20:08:01","guid":{"rendered":"https:\/\/latausplus.fi\/?page_id=115"},"modified":"2024-09-19T07:49:24","modified_gmt":"2024-09-19T07:49:24","slug":"pikalaturit","status":"publish","type":"page","link":"https:\/\/latausplus.fi\/?page_id=115","title":{"rendered":"Pikalaturit"},"content":{"rendered":"\n<p class=\"has-medium-font-size\"><strong>Pikalaturit (60kW &#8211; 900kW)<\/strong> <\/p>\n\n\n\n<div class=\"wp-block-cover alignright is-repeated has-aspect-ratio\" style=\"border-width:1px;margin-top:var(--wp--preset--spacing--20);margin-bottom:var(--wp--preset--spacing--20);padding-top:var(--wp--preset--spacing--80);padding-right:var(--wp--preset--spacing--60);padding-bottom:var(--wp--preset--spacing--80);padding-left:var(--wp--preset--spacing--60);min-height:93px;aspect-ratio:auto;min-height:unset;\"><span aria-hidden=\"true\" class=\"wp-block-cover__background has-background-dim\"><\/span><div class=\"wp-block-cover__image-background wp-image-787 is-repeated\" style=\"background-position:100% 50%;background-image:url(https:\/\/latausplus.fi\/wp-content\/uploads\/2024\/09\/Mallistov3.png)\"><\/div><div class=\"wp-block-cover__inner-container is-layout-flow wp-container-core-cover-is-layout-84ebcf35 wp-block-cover-is-layout-flow\">\n<p class=\"has-text-align-center has-white-color has-text-color has-link-color has-medium-font-size wp-elements-f1167f4f82315ff1d924690f9fcf7992\"><a href=\"https:\/\/latausplus.fi\/wp-content\/uploads\/2024\/09\/Laturimallistov3.pdf\" data-type=\"link\" data-id=\"https:\/\/latausplus.fi\/wp-content\/uploads\/2024\/09\/Laturimallistov3.pdf\"><strong>Avaa tuote-esite (PDF)<\/strong><\/a><\/p>\n<\/div><\/div>\n\n\n\n<p class=\"has-medium-font-size\"><\/p>\n\n\n\n<p>K\u00e4sitteell\u00e4 pikalaturi tarkoitetaan auton ulkopuolista latauslaitetta, joka kytkeytyy auton akun napoihin sy\u00f6tt\u00e4en akkuun tasavirtaa (DC). T\u00e4st\u00e4 tulee nimitys usein s\u00e4hk\u00f6autoilijoiden puhekieless\u00e4 esiintyv\u00e4lle DC-laturille.<\/p>\n\n\n\n<p>N\u00e4m\u00e4 laturit on tarkoitettu lataamiseen esimerkiksi p\u00e4\u00e4teiden l\u00e4hettyvill\u00e4 olevien ruoka- ja ostospaikkojen yhteyteen. Joissakin tapauksissa ne ovat tarpeellisia my\u00f6s  taloyhti\u00f6den tai ty\u00f6paikkojen pys\u00e4k\u00f6intipaikoilla.<\/p>\n\n\n\n<p><strong>Yleisimm\u00e4t valikoimassamme olevat pikalaturit ovat tehoiltaan 60, 90, 120, 150 ja 180 kW<\/strong> ja varustukseltaan ne ovat joko kahdella CCS-kaapelilla tai CCS- sek\u00e4 CHAdeMO-kaapelilla. Jokainen n\u00e4ist\u00e4 malleista tukee yht\u00e4aikaista kahden auton latausta, joskin maksimiteho jakautuu t\u00e4ll\u00f6in autojen kesken. <\/p>\n\n\n\n<p><strong>Tehtaallamme valmistetaan pikalatureita jopa 900 kW tehoon asti<\/strong>, jotka on tarkoitettu l\u00e4hinn\u00e4 kuorma- ja linja-autojen lataamiseen. Tarjoamme ammattitaidolla latauspalvelut my\u00f6s raskaaseen liikenteeseen.<\/p>\n\n\n\n<p>CCS on yleisesti k\u00e4yt\u00f6ss\u00e4 eurooppalaisille autoille kun taas CHAdeMO on per\u00e4isin Japanista ja k\u00e4ytet\u00e4\u00e4n yleisesti sielt\u00e4 tulleissa autoissa. K\u00e4yt\u00e4nn\u00f6ss\u00e4 euroopassa olevat t\u00e4yss\u00e4hk\u00f6autot k\u00e4ytt\u00e4v\u00e4t jompaa kumpaa n\u00e4ist\u00e4 standardeista. Hybrideiss\u00e4 pikalatausliit\u00e4nn\u00e4t ovat eritt\u00e4in harvinaisia.<\/p>\n\n\n\n<p>Kaikki valikoimassamme olevat pikalaturien mallit hy\u00f6dynt\u00e4v\u00e4t Lataus+ verkostoa. Ne voidaan m\u00e4\u00e4ritell\u00e4 julkisiksi tai yksityisiksi ja kaikki verkoston erityisominaisuudet ovat niihin saatavilla. Latureihin on mahdollista saada l\u00e4himaksukortinlukija, jolloin latauksen aloittaminen tapahtuu helposti k\u00e4nnykk\u00e4\u00e4 tai korttia vilauttamalla.<\/p>\n\n\n\n<p>Latauslaitteemme kykenev\u00e4t automaattiseen tehonhallintaan, joka tarkoittaa sit\u00e4, ett\u00e4 yksi tai useampi laturi est\u00e4\u00e4 liian suurien kuormitushuippujen syntymist\u00e4 latureita sy\u00f6tt\u00e4v\u00e4\u00e4n s\u00e4hk\u00f6verkkoon.<\/p>\n\n\n\n<figure class=\"wp-block-gallery has-nested-images columns-default is-cropped wp-block-gallery-1 is-layout-flex wp-block-gallery-is-layout-flex\">\n<figure class=\"wp-block-image size-large\"><a href=\"https:\/\/latausplus.fi\/wp-content\/uploads\/2021\/03\/dc-laturi1.jpg\"><img loading=\"lazy\" decoding=\"async\" width=\"400\" height=\"486\" data-id=\"27\" src=\"https:\/\/latausplus.fi\/wp-content\/uploads\/2021\/03\/dc-laturi1.jpg\" alt=\"\" class=\"wp-image-27\" srcset=\"https:\/\/latausplus.fi\/wp-content\/uploads\/2021\/03\/dc-laturi1.jpg 400w, https:\/\/latausplus.fi\/wp-content\/uploads\/2021\/03\/dc-laturi1-247x300.jpg 247w\" sizes=\"auto, (max-width: 400px) 100vw, 400px\" \/><\/a><figcaption class=\"wp-element-caption\">DC Pikalaturi CCS ja CHAdeMO liittimill\u00e4<\/figcaption><\/figure>\n<\/figure>\n\n\n\n<p>Pitk\u00e4\u00e4 matkaa tekev\u00e4 s\u00e4hk\u00f6autoilija on k\u00e4yt\u00e4nn\u00f6ss\u00e4 riippuvainen pikalaturien saatavuudesta. H\u00e4nell\u00e4 ei yleens\u00e4 ole aikaa j\u00e4\u00e4d\u00e4 tuntikausiksi lataamaan autoaan, vaan k\u00e4yd\u00e4 ehk\u00e4 sy\u00f6m\u00e4ss\u00e4 tai kaupassa ja l\u00e4hte\u00e4 jatkamaan matkaansa ladatulla autollaan. Latausaika riippuu muutamasta eri asiasta, niist\u00e4 merkitt\u00e4vimpi\u00e4 ovat autoon ladattavan energian m\u00e4\u00e4r\u00e4 ja latauslaitteen teho. On kuitenkin huomioitava, ett\u00e4 erityisesti suuritehoisten latauslaitteiden maksimitehoa ei v\u00e4ltt\u00e4m\u00e4tt\u00e4 voida hy\u00f6dynt\u00e4\u00e4. Autoilla on mallikohtaisia maksimilataustehoja, jonka se voi ottaa. My\u00f6s akuston korkea tai eritt\u00e4in kylm\u00e4 l\u00e4mp\u00f6tila voi olla syyn\u00e4, ett\u00e4 auto rajoittaa lataustehoa. Yleisesti autot rajoittavat latustehoa kun akuston varauksen m\u00e4\u00e4r\u00e4 noin 80% arvon ja hidastavat koko ajan 100% varauksen l\u00e4hentyess\u00e4. Suurellakaan pikalaturilla ei siis saa akkua kovin nopeasti 100% varaukseen, sill\u00e4 k\u00e4yt\u00e4nn\u00f6ss\u00e4 viimeiset prosentit tulevat, tietysti autosta riippuen, noin 20 kW teholla. <\/p>\n\n\n\n<p><\/p>\n\n\n\n<figure class=\"wp-block-gallery has-nested-images columns-default is-cropped wp-block-gallery-2 is-layout-flex wp-block-gallery-is-layout-flex\">\n<figure class=\"wp-block-image size-large\"><a href=\"https:\/\/latausplus.fi\/wp-content\/uploads\/2021\/04\/dc-laturinpaneeli.jpg\"><img loading=\"lazy\" decoding=\"async\" width=\"360\" height=\"270\" data-id=\"132\" src=\"https:\/\/latausplus.fi\/wp-content\/uploads\/2021\/04\/dc-laturinpaneeli.jpg\" alt=\"\" class=\"wp-image-132\" srcset=\"https:\/\/latausplus.fi\/wp-content\/uploads\/2021\/04\/dc-laturinpaneeli.jpg 360w, https:\/\/latausplus.fi\/wp-content\/uploads\/2021\/04\/dc-laturinpaneeli-300x225.jpg 300w\" sizes=\"auto, (max-width: 360px) 100vw, 360px\" \/><\/a><figcaption class=\"wp-element-caption\">Kuva DC-laturin n\u00e4yt\u00f6lt\u00e4<\/figcaption><\/figure>\n<\/figure>\n","protected":false},"excerpt":{"rendered":"<p>Pikalaturit (60kW &#8211; 900kW) K\u00e4sitteell\u00e4 pikalaturi tarkoitetaan auton ulkopuolista latauslaitetta, joka kytkeytyy auton akun napoihin sy\u00f6tt\u00e4en akkuun tasavirtaa (DC). T\u00e4st\u00e4 tulee nimitys usein s\u00e4hk\u00f6autoilijoiden puhekieless\u00e4 esiintyv\u00e4lle DC-laturille. N\u00e4m\u00e4 laturit on tarkoitettu lataamiseen esimerkiksi p\u00e4\u00e4teiden l\u00e4hettyvill\u00e4 olevien ruoka- ja ostospaikkojen yhteyteen. Joissakin tapauksissa ne ovat tarpeellisia my\u00f6s taloyhti\u00f6den tai ty\u00f6paikkojen pys\u00e4k\u00f6intipaikoilla. Yleisimm\u00e4t valikoimassamme olevat pikalaturit ovat [&hellip;]<\/p>\n","protected":false},"author":1,"featured_media":0,"parent":0,"menu_order":0,"comment_status":"closed","ping_status":"closed","template":"","meta":{"zakra_page_container_layout":"customizer","zakra_page_sidebar_layout":"customizer","zakra_remove_content_margin":false,"zakra_sidebar":"customizer","zakra_transparent_header":"customizer","zakra_logo":0,"zakra_main_header_style":"default","zakra_menu_item_color":"","zakra_menu_item_hover_color":"","zakra_menu_item_active_color":"","zakra_menu_active_style":"","zakra_page_header":true,"footnotes":""},"class_list":["post-115","page","type-page","status-publish","hentry"],"_links":{"self":[{"href":"https:\/\/latausplus.fi\/index.php?rest_route=\/wp\/v2\/pages\/115","targetHints":{"allow":["GET"]}}],"collection":[{"href":"https:\/\/latausplus.fi\/index.php?rest_route=\/wp\/v2\/pages"}],"about":[{"href":"https:\/\/latausplus.fi\/index.php?rest_route=\/wp\/v2\/types\/page"}],"author":[{"embeddable":true,"href":"https:\/\/latausplus.fi\/index.php?rest_route=\/wp\/v2\/users\/1"}],"replies":[{"embeddable":true,"href":"https:\/\/latausplus.fi\/index.php?rest_route=%2Fwp%2Fv2%2Fcomments&post=115"}],"version-history":[{"count":14,"href":"https:\/\/latausplus.fi\/index.php?rest_route=\/wp\/v2\/pages\/115\/revisions"}],"predecessor-version":[{"id":825,"href":"https:\/\/latausplus.fi\/index.php?rest_route=\/wp\/v2\/pages\/115\/revisions\/825"}],"wp:attachment":[{"href":"https:\/\/latausplus.fi\/index.php?rest_route=%2Fwp%2Fv2%2Fmedia&parent=115"}],"curies":[{"name":"wp","href":"https:\/\/api.w.org\/{rel}","templated":true}]}}