{"id":124,"date":"2021-04-21T20:15:17","date_gmt":"2021-04-21T20:15:17","guid":{"rendered":"https:\/\/latausplus.fi\/?page_id=124"},"modified":"2024-09-19T07:13:04","modified_gmt":"2024-09-19T07:13:04","slug":"tarjoukset-ja-kampanjat","status":"publish","type":"page","link":"https:\/\/latausplus.fi\/?page_id=124","title":{"rendered":"Kampanjat ja hinnoittelu"},"content":{"rendered":"\n<h3 class=\"wp-block-heading\">Ilmaiset palvelut -kampanja (syksy 2024)<\/h3>\n\n\n\n<p>Lataus+ -palvelu on ilmainen 10 vuoden ajan niille laitteille, jotka on hankittu kampanjan aikana. T\u00e4m\u00e4 tarkoittaa sit\u00e4, ett\u00e4 Lataus+ ei veloita 10 vuoden aikana kuukausimaksuja tai provisiota laitteiston k\u00e4yt\u00f6st\u00e4 mik\u00e4li laite on hallinnassa sen ensimm\u00e4isell\u00e4 omistajalla. Kampanja on voimassa vain rajoitetun ajan. Kampanja ei koske niit\u00e4 kotilatauslaitteita, joissa ei ole tukea Lataus+ verkoston hy\u00f6dynt\u00e4miseen.<\/p>\n\n\n\n<p><\/p>\n\n\n\n<h3 class=\"wp-block-heading\">Hinnoittelu<\/h3>\n\n\n\n<p>Latauslaitteiden hinnat ovat eritt\u00e4in kilpailukykyisi\u00e4, kysy hintoja tai tarjousta meilt\u00e4 s\u00e4hk\u00f6postilla tai puhelimitse. Latauslaitteet saat my\u00f6s edullisella leasing-sopimuksella. My\u00f6s lyhytaikaiset laitteiden vuokraukset ovat mahdollisia.<\/p>\n\n\n\n<p><strong>Myynti<\/strong>: 044 7325 035 \/ myynti@latausplus.fi <\/p>\n\n\n\n<p>T\u00e4ll\u00e4 hetkell\u00e4 voimassa oleva hinnasto: 08\/2024<\/p>\n\n\n\n<p><\/p>\n","protected":false},"excerpt":{"rendered":"<p>Ilmaiset palvelut -kampanja (syksy 2024) Lataus+ -palvelu on ilmainen 10 vuoden ajan niille laitteille, jotka on hankittu kampanjan aikana. T\u00e4m\u00e4 tarkoittaa sit\u00e4, ett\u00e4 Lataus+ ei veloita 10 vuoden aikana kuukausimaksuja tai provisiota laitteiston k\u00e4yt\u00f6st\u00e4 mik\u00e4li laite on hallinnassa sen ensimm\u00e4isell\u00e4 omistajalla. Kampanja on voimassa vain rajoitetun ajan. Kampanja ei koske niit\u00e4 kotilatauslaitteita, joissa ei ole [&hellip;]<\/p>\n","protected":false},"author":1,"featured_media":0,"parent":0,"menu_order":0,"comment_status":"closed","ping_status":"closed","template":"","meta":{"zakra_page_container_layout":"customizer","zakra_page_sidebar_layout":"customizer","zakra_remove_content_margin":false,"zakra_sidebar":"customizer","zakra_transparent_header":"customizer","zakra_logo":0,"zakra_main_header_style":"default","zakra_menu_item_color":"","zakra_menu_item_hover_color":"","zakra_menu_item_active_color":"","zakra_menu_active_style":"","zakra_page_header":true,"footnotes":""},"class_list":["post-124","page","type-page","status-publish","hentry"],"_links":{"self":[{"href":"https:\/\/latausplus.fi\/index.php?rest_route=\/wp\/v2\/pages\/124","targetHints":{"allow":["GET"]}}],"collection":[{"href":"https:\/\/latausplus.fi\/index.php?rest_route=\/wp\/v2\/pages"}],"about":[{"href":"https:\/\/latausplus.fi\/index.php?rest_route=\/wp\/v2\/types\/page"}],"author":[{"embeddable":true,"href":"https:\/\/latausplus.fi\/index.php?rest_route=\/wp\/v2\/users\/1"}],"replies":[{"embeddable":true,"href":"https:\/\/latausplus.fi\/index.php?rest_route=%2Fwp%2Fv2%2Fcomments&post=124"}],"version-history":[{"count":16,"href":"https:\/\/latausplus.fi\/index.php?rest_route=\/wp\/v2\/pages\/124\/revisions"}],"predecessor-version":[{"id":782,"href":"https:\/\/latausplus.fi\/index.php?rest_route=\/wp\/v2\/pages\/124\/revisions\/782"}],"wp:attachment":[{"href":"https:\/\/latausplus.fi\/index.php?rest_route=%2Fwp%2Fv2%2Fmedia&parent=124"}],"curies":[{"name":"wp","href":"https:\/\/api.w.org\/{rel}","templated":true}]}}