{"id":296,"date":"2021-10-15T13:22:11","date_gmt":"2021-10-15T13:22:11","guid":{"rendered":"https:\/\/latausplus.fi\/?page_id=296"},"modified":"2021-10-23T12:23:41","modified_gmt":"2021-10-23T12:23:41","slug":"vaatimukset-ja-avustukset","status":"publish","type":"page","link":"https:\/\/latausplus.fi\/?page_id=296","title":{"rendered":"Vaatimuksia ja avustuksia"},"content":{"rendered":"\n<p>S\u00e4hk\u00f6autoilu on nouseva ala, jota yhteiskunta my\u00f6s osaltaan edist\u00e4\u00e4 sek\u00e4 my\u00f6s asettaa sen suhteen my\u00f6s erilaisia vaatimuksia. Tunnetuin on s\u00e4hk\u00f6autojen hankintatuki, mutta my\u00f6s latausasemien hankintaa tuetaan.<\/p>\n\n\n\n<h4 class=\"wp-block-heading\">Vaatimukset<\/h4>\n\n\n\n<p>Vaatimuksista merkitt\u00e4vimpin\u00e4 lienee <a rel=\"noreferrer noopener\" href=\"https:\/\/www.finlex.fi\/fi\/laki\/alkup\/2020\/20200733\" target=\"_blank\">laki 733\/2020<\/a> &#8221;rakennusten varustamisesta s\u00e4hk\u00f6ajoneuvojen latauspisteill\u00e4 ja latauspistevalmiuksilla sek\u00e4 automaatio- ja ohjausj\u00e4rjestelmill\u00e4&#8221;.<\/p>\n\n\n\n<h4 class=\"wp-block-heading\">Avustukset<\/h4>\n\n\n\n<p>Asumisen rahoitus- ja kehitt\u00e4miskeskus <a href=\"https:\/\/www.ara.fi\/fi-FI\" target=\"_blank\" rel=\"noreferrer noopener\">ARA<\/a> my\u00f6nt\u00e4\u00e4 tukea latauspistehankintoihin<\/p>\n\n\n\n<ul class=\"wp-block-list\"><li><a href=\"https:\/\/www.ara.fi\/fi-FI\/Lainat_ja_avustukset\/Sahkoautojen_latausinfraavustus\" data-type=\"URL\" data-id=\"https:\/\/www.ara.fi\/fi-FI\/Lainat_ja_avustukset\/Sahkoautojen_latausinfraavustus\" target=\"_blank\" rel=\"noreferrer noopener\">Avustus s\u00e4hk\u00f6autojen latausinfran rakentamiseen<\/a><\/li><li><a rel=\"noreferrer noopener\" href=\"https:\/\/www.ara.fi\/tyopaikkojen-latauspisteavustus\" target=\"_blank\">S\u00e4hk\u00f6autojen latauspisteavustus ty\u00f6paikoille (tulossa 2022)<\/a><\/li><li><a rel=\"noreferrer noopener\" href=\"https:\/\/www.ara.fi\/fi-FI\/Ajankohtaista\/Uutiset_ja_tiedotteet\/Uutiset_ja_tiedotteet_2021\/Ennakkotietoa_sahkoautojen_latausinfraav(61619)\" target=\"_blank\">Ennakkotietoa s\u00e4hk\u00f6autojen latausinfra-avustuksesta vuonna 2022<\/a><\/li><\/ul>\n\n\n\n<h4 class=\"wp-block-heading\">Muuta huomioitavaa<\/h4>\n\n\n\n<p>Tarkasta vakuutusyhti\u00f6si vakuutusehdot ja suojeluehdot onko niiss\u00e4 asetettu vaatimuksia s\u00e4hk\u00f6auton lataamiseen Suko-pistorasiasta. Mik\u00e4li et ole varma, tarkista asia omalta vakuutusyhti\u00f6lt\u00e4si. Muista t\u00e4m\u00e4 my\u00f6s lataamisessa loma-asunnolla. Vaikka vakuutukset olisivatkin kunnossa, pid\u00e4 kuitenkin huoli Suko-latauksissa, ett\u00e4 pistorasiat, kaapelit, asennustapa l\u00e4pivienteineen ja kytkent\u00e4rasiat ovat soveltuvia pidempiaikaiseen kuormitukseen. K\u00e4yt\u00e4 tarvittaessa apuna s\u00e4hk\u00f6alan ammattihenkil\u00f6\u00e4.<\/p>\n","protected":false},"excerpt":{"rendered":"<p>S\u00e4hk\u00f6autoilu on nouseva ala, jota yhteiskunta my\u00f6s osaltaan edist\u00e4\u00e4 sek\u00e4 my\u00f6s asettaa sen suhteen my\u00f6s erilaisia vaatimuksia. Tunnetuin on s\u00e4hk\u00f6autojen hankintatuki, mutta my\u00f6s latausasemien hankintaa tuetaan. Vaatimukset Vaatimuksista merkitt\u00e4vimpin\u00e4 lienee laki 733\/2020 &#8221;rakennusten varustamisesta s\u00e4hk\u00f6ajoneuvojen latauspisteill\u00e4 ja latauspistevalmiuksilla sek\u00e4 automaatio- ja ohjausj\u00e4rjestelmill\u00e4&#8221;. Avustukset Asumisen rahoitus- ja kehitt\u00e4miskeskus ARA my\u00f6nt\u00e4\u00e4 tukea latauspistehankintoihin Avustus s\u00e4hk\u00f6autojen latausinfran rakentamiseen [&hellip;]<\/p>\n","protected":false},"author":1,"featured_media":0,"parent":311,"menu_order":0,"comment_status":"closed","ping_status":"closed","template":"","meta":{"zakra_page_container_layout":"customizer","zakra_page_sidebar_layout":"customizer","zakra_remove_content_margin":false,"zakra_sidebar":"customizer","zakra_transparent_header":"customizer","zakra_logo":0,"zakra_main_header_style":"default","zakra_menu_item_color":"","zakra_menu_item_hover_color":"","zakra_menu_item_active_color":"","zakra_menu_active_style":"","zakra_page_header":true,"footnotes":""},"class_list":["post-296","page","type-page","status-publish","hentry"],"_links":{"self":[{"href":"https:\/\/latausplus.fi\/index.php?rest_route=\/wp\/v2\/pages\/296","targetHints":{"allow":["GET"]}}],"collection":[{"href":"https:\/\/latausplus.fi\/index.php?rest_route=\/wp\/v2\/pages"}],"about":[{"href":"https:\/\/latausplus.fi\/index.php?rest_route=\/wp\/v2\/types\/page"}],"author":[{"embeddable":true,"href":"https:\/\/latausplus.fi\/index.php?rest_route=\/wp\/v2\/users\/1"}],"replies":[{"embeddable":true,"href":"https:\/\/latausplus.fi\/index.php?rest_route=%2Fwp%2Fv2%2Fcomments&post=296"}],"version-history":[{"count":4,"href":"https:\/\/latausplus.fi\/index.php?rest_route=\/wp\/v2\/pages\/296\/revisions"}],"predecessor-version":[{"id":315,"href":"https:\/\/latausplus.fi\/index.php?rest_route=\/wp\/v2\/pages\/296\/revisions\/315"}],"up":[{"embeddable":true,"href":"https:\/\/latausplus.fi\/index.php?rest_route=\/wp\/v2\/pages\/311"}],"wp:attachment":[{"href":"https:\/\/latausplus.fi\/index.php?rest_route=%2Fwp%2Fv2%2Fmedia&parent=296"}],"curies":[{"name":"wp","href":"https:\/\/api.w.org\/{rel}","templated":true}]}}