{"id":35,"date":"2021-03-27T17:42:15","date_gmt":"2021-03-27T17:42:15","guid":{"rendered":"https:\/\/latausplus.fi\/?page_id=35"},"modified":"2026-04-27T07:28:35","modified_gmt":"2026-04-27T07:28:35","slug":"palvelut","status":"publish","type":"page","link":"https:\/\/latausplus.fi\/?page_id=35","title":{"rendered":"Palvelut"},"content":{"rendered":"\n<p class=\"has-medium-font-size\"><strong>Suurteholatausratkaisut<\/strong><\/p>\n\n\n\n<p>Keskeisen\u00e4 palvelunamme <strong>tarjoamme<\/strong> <strong>avaimet k\u00e4teen -mallilla<\/strong> <strong>erilaiset pikalatausratkaisut (60kW &#8211; 900kW) asiakkaillemme<\/strong>. Tarjoamme omat luotettavat laitteemme nopealla, mutkattomalla ja tavoitettavalla asennus- ja huolto-organisaatiolla.<\/p>\n\n\n\n<p>Ota yhteytt\u00e4, niin l\u00e4hdet\u00e4\u00e4n kartoittamaan tilannetta:<\/p>\n\n\n\n<p><strong>Myynti \/ tarvekartoitus<\/strong>: 044 7325 035 \/ myynti@latausplus.fi<\/p>\n\n\n\n<p><\/p>\n\n\n\n<p><br><a href=\"https:\/\/latausplus.fi\/?page_id=422\">Lataaminen<\/a><\/p>\n\n\n\n<p><strong><a href=\"https:\/\/latausplus.fi\/?page_id=38\">Latausverkoston yll\u00e4pito<\/a><\/strong><\/p>\n\n\n\n<p><strong><a href=\"https:\/\/latausplus.fi\/?page_id=40\">Latauslaitteiden huolto ja yll\u00e4pito<\/a><\/strong><\/p>\n\n\n\n<p><strong><a href=\"https:\/\/latausplus.fi\/?page_id=42\">Tekniset asiantuntijapalvelut<\/a><\/strong><\/p>\n\n\n\n<p><strong><a href=\"https:\/\/latausplus.fi\/?page_id=44\">Kartoitukset<\/a><\/strong><\/p>\n\n\n\n<p><strong><a href=\"https:\/\/latausplus.fi\/?page_id=46\">Koulutus<\/a><\/strong><\/p>\n","protected":false},"excerpt":{"rendered":"<p>Suurteholatausratkaisut Keskeisen\u00e4 palvelunamme tarjoamme avaimet k\u00e4teen -mallilla erilaiset pikalatausratkaisut (60kW &#8211; 900kW) asiakkaillemme. Tarjoamme omat luotettavat laitteemme nopealla, mutkattomalla ja tavoitettavalla asennus- ja huolto-organisaatiolla. Ota yhteytt\u00e4, niin l\u00e4hdet\u00e4\u00e4n kartoittamaan tilannetta: Myynti \/ tarvekartoitus: 044 7325 035 \/ myynti@latausplus.fi Lataaminen Latausverkoston yll\u00e4pito Latauslaitteiden huolto ja yll\u00e4pito Tekniset asiantuntijapalvelut Kartoitukset Koulutus<\/p>\n","protected":false},"author":1,"featured_media":0,"parent":0,"menu_order":0,"comment_status":"closed","ping_status":"closed","template":"","meta":{"zakra_page_container_layout":"customizer","zakra_page_sidebar_layout":"customizer","zakra_remove_content_margin":false,"zakra_sidebar":"customizer","zakra_transparent_header":"customizer","zakra_logo":0,"zakra_main_header_style":"default","zakra_menu_item_color":"","zakra_menu_item_hover_color":"","zakra_menu_item_active_color":"","zakra_menu_active_style":"","zakra_page_header":true,"footnotes":""},"class_list":["post-35","page","type-page","status-publish","hentry"],"_links":{"self":[{"href":"https:\/\/latausplus.fi\/index.php?rest_route=\/wp\/v2\/pages\/35","targetHints":{"allow":["GET"]}}],"collection":[{"href":"https:\/\/latausplus.fi\/index.php?rest_route=\/wp\/v2\/pages"}],"about":[{"href":"https:\/\/latausplus.fi\/index.php?rest_route=\/wp\/v2\/types\/page"}],"author":[{"embeddable":true,"href":"https:\/\/latausplus.fi\/index.php?rest_route=\/wp\/v2\/users\/1"}],"replies":[{"embeddable":true,"href":"https:\/\/latausplus.fi\/index.php?rest_route=%2Fwp%2Fv2%2Fcomments&post=35"}],"version-history":[{"count":15,"href":"https:\/\/latausplus.fi\/index.php?rest_route=\/wp\/v2\/pages\/35\/revisions"}],"predecessor-version":[{"id":848,"href":"https:\/\/latausplus.fi\/index.php?rest_route=\/wp\/v2\/pages\/35\/revisions\/848"}],"wp:attachment":[{"href":"https:\/\/latausplus.fi\/index.php?rest_route=%2Fwp%2Fv2%2Fmedia&parent=35"}],"curies":[{"name":"wp","href":"https:\/\/api.w.org\/{rel}","templated":true}]}}