{"id":38,"date":"2021-03-27T17:46:37","date_gmt":"2021-03-27T17:46:37","guid":{"rendered":"https:\/\/latausplus.fi\/?page_id=38"},"modified":"2024-09-17T13:20:15","modified_gmt":"2024-09-17T13:20:15","slug":"latausverkoston-yllapito","status":"publish","type":"page","link":"https:\/\/latausplus.fi\/?page_id=38","title":{"rendered":"Latausverkoston yll\u00e4pito"},"content":{"rendered":"\n<p class=\"has-medium-font-size\"><strong>Latausverkoston yll\u00e4pito<\/strong><\/p>\n\n\n\n<p>Lataus+ on koko Suomen kattava palveluverkosto, joka kattaa kaikki s\u00e4hk\u00f6autoiluun liittyv\u00e4t kysymykset. N\u00e4ist\u00e4 yksi ja ehk\u00e4 t\u00e4rkein asia on verkoston yll\u00e4pito. Yksinkertaisimmillaan se sis\u00e4lt\u00e4\u00e4 latauksen k\u00e4ynnist\u00e4miseen tarvittavat tunnisteet sek\u00e4 mobiililaitteiden sovellukset. Merkitt\u00e4v\u00e4 tekij\u00e4 on my\u00f6s mahdollistaa latauksien turvallisen maksamisen menetelm\u00e4t. Lataus+ idea ei kuitenkaan j\u00e4\u00e4 t\u00e4h\u00e4n. Tarkoituksenamme on luoda Lataus+ Partnereillemme keinot, joilla he voivat tukea omaa ydinliiketoimintaansa.<\/p>\n\n\n\n<p>Lataus+ Partnerinamme saat ilmaisen verkoston yll\u00e4pidon kaikille meilt\u00e4 hankituille latauslaitteille. T\u00e4m\u00e4n vuoksi latauslaitteestamme ei tule mahdollista tappiota tekev\u00e4\u00e4 talouden kuormittajaa, joista olemme joissakin tapauksissa joskus kuulleet.<\/p>\n\n\n\n<div class=\"wp-block-columns is-layout-flex wp-container-core-columns-is-layout-28f84493 wp-block-columns-is-layout-flex\">\n<div class=\"wp-block-column is-layout-flow wp-block-column-is-layout-flow\" style=\"flex-basis:100%\">\n<div class=\"wp-block-columns is-layout-flex wp-container-core-columns-is-layout-28f84493 wp-block-columns-is-layout-flex\">\n<div class=\"wp-block-column is-layout-flow wp-block-column-is-layout-flow\" style=\"flex-basis:100%\">\n<div class=\"wp-block-columns is-layout-flex wp-container-core-columns-is-layout-28f84493 wp-block-columns-is-layout-flex\">\n<div class=\"wp-block-column is-layout-flow wp-block-column-is-layout-flow\" style=\"flex-basis:100%\">\n<figure class=\"wp-block-image is-resized\"><img loading=\"lazy\" decoding=\"async\" width=\"600\" height=\"374\" src=\"https:\/\/latausplus.fi\/wp-content\/uploads\/2021\/06\/managing.jpg\" alt=\"\" class=\"wp-image-209\" style=\"width:1061px;height:661px\" srcset=\"https:\/\/latausplus.fi\/wp-content\/uploads\/2021\/06\/managing.jpg 600w, https:\/\/latausplus.fi\/wp-content\/uploads\/2021\/06\/managing-300x187.jpg 300w\" sizes=\"auto, (max-width: 600px) 100vw, 600px\" \/><figcaption class=\"wp-element-caption\">Verkoston tietoturvallisuuteen on kiinnitetty erityist\u00e4 huomiota.<\/figcaption><\/figure>\n<\/div>\n<\/div>\n<\/div>\n<\/div>\n<\/div>\n<\/div>\n","protected":false},"excerpt":{"rendered":"<p>Latausverkoston yll\u00e4pito Lataus+ on koko Suomen kattava palveluverkosto, joka kattaa kaikki s\u00e4hk\u00f6autoiluun liittyv\u00e4t kysymykset. N\u00e4ist\u00e4 yksi ja ehk\u00e4 t\u00e4rkein asia on verkoston yll\u00e4pito. Yksinkertaisimmillaan se sis\u00e4lt\u00e4\u00e4 latauksen k\u00e4ynnist\u00e4miseen tarvittavat tunnisteet sek\u00e4 mobiililaitteiden sovellukset. Merkitt\u00e4v\u00e4 tekij\u00e4 on my\u00f6s mahdollistaa latauksien turvallisen maksamisen menetelm\u00e4t. Lataus+ idea ei kuitenkaan j\u00e4\u00e4 t\u00e4h\u00e4n. Tarkoituksenamme on luoda Lataus+ Partnereillemme keinot, joilla [&hellip;]<\/p>\n","protected":false},"author":1,"featured_media":0,"parent":35,"menu_order":0,"comment_status":"closed","ping_status":"closed","template":"","meta":{"zakra_page_container_layout":"customizer","zakra_page_sidebar_layout":"customizer","zakra_remove_content_margin":false,"zakra_sidebar":"customizer","zakra_transparent_header":"customizer","zakra_logo":0,"zakra_main_header_style":"default","zakra_menu_item_color":"","zakra_menu_item_hover_color":"","zakra_menu_item_active_color":"","zakra_menu_active_style":"","zakra_page_header":true,"footnotes":""},"class_list":["post-38","page","type-page","status-publish","hentry"],"_links":{"self":[{"href":"https:\/\/latausplus.fi\/index.php?rest_route=\/wp\/v2\/pages\/38","targetHints":{"allow":["GET"]}}],"collection":[{"href":"https:\/\/latausplus.fi\/index.php?rest_route=\/wp\/v2\/pages"}],"about":[{"href":"https:\/\/latausplus.fi\/index.php?rest_route=\/wp\/v2\/types\/page"}],"author":[{"embeddable":true,"href":"https:\/\/latausplus.fi\/index.php?rest_route=\/wp\/v2\/users\/1"}],"replies":[{"embeddable":true,"href":"https:\/\/latausplus.fi\/index.php?rest_route=%2Fwp%2Fv2%2Fcomments&post=38"}],"version-history":[{"count":6,"href":"https:\/\/latausplus.fi\/index.php?rest_route=\/wp\/v2\/pages\/38\/revisions"}],"predecessor-version":[{"id":531,"href":"https:\/\/latausplus.fi\/index.php?rest_route=\/wp\/v2\/pages\/38\/revisions\/531"}],"up":[{"embeddable":true,"href":"https:\/\/latausplus.fi\/index.php?rest_route=\/wp\/v2\/pages\/35"}],"wp:attachment":[{"href":"https:\/\/latausplus.fi\/index.php?rest_route=%2Fwp%2Fv2%2Fmedia&parent=38"}],"curies":[{"name":"wp","href":"https:\/\/api.w.org\/{rel}","templated":true}]}}