{"id":40,"date":"2021-03-27T17:49:21","date_gmt":"2021-03-27T17:49:21","guid":{"rendered":"https:\/\/latausplus.fi\/?page_id=40"},"modified":"2024-09-17T13:20:39","modified_gmt":"2024-09-17T13:20:39","slug":"latauslaitteiden-huolto-ja-yllapito","status":"publish","type":"page","link":"https:\/\/latausplus.fi\/?page_id=40","title":{"rendered":"Latauslaitteiden huolto ja yll\u00e4pito"},"content":{"rendered":"\n<p class=\"has-medium-font-size\"><strong>Latauslaitteiden huolto ja yll\u00e4pito<\/strong><\/p>\n\n\n\n<p>Tarjoamme kaikkien Lataus+ laitteiden huollot ja yll\u00e4pidot koko Suomen alueelle. N\u00e4iss\u00e4 teht\u00e4viss\u00e4 hy\u00f6dynn\u00e4mme my\u00f6s kouluttamiamme yhteisty\u00f6kumppaneitamme, jotka tekev\u00e4t t\u00f6it\u00e4 omilla l\u00e4hialueillaan ja joiden teht\u00e4viin kuuluu laitteiden asennukset, huollot ja korjaukset. Mik\u00e4li kaikesta huolimatta heille tulisi ylivoimainen kysymys, annamme heille t\u00e4yden tukemme ja tarvittaessa saavumme itse mukaan ratkomaan ongelmaa.<\/p>\n\n\n\n<p>Pid\u00e4mme varastossamme kaikkia varaosia, mit\u00e4 latauslaitteissa on. T\u00e4m\u00e4 takaa tarvittaessa nopean ja juuri oikean varaosan saannin, olipa kyse s\u00e4hk\u00f6isesti, mekaanisesti tai jopa ilkivaltaisesti rikkoutuneesta osasta.<\/p>\n\n\n\n<p>Laitteiden huollot ja yll\u00e4pidot eiv\u00e4t kuulu ilmaisen palvelun piiriin. Huollot ovat kuitenkin edullisia johtuen koulutetuista paikallisista henkil\u00f6st\u00f6st\u00e4.<\/p>\n","protected":false},"excerpt":{"rendered":"<p>Latauslaitteiden huolto ja yll\u00e4pito Tarjoamme kaikkien Lataus+ laitteiden huollot ja yll\u00e4pidot koko Suomen alueelle. N\u00e4iss\u00e4 teht\u00e4viss\u00e4 hy\u00f6dynn\u00e4mme my\u00f6s kouluttamiamme yhteisty\u00f6kumppaneitamme, jotka tekev\u00e4t t\u00f6it\u00e4 omilla l\u00e4hialueillaan ja joiden teht\u00e4viin kuuluu laitteiden asennukset, huollot ja korjaukset. Mik\u00e4li kaikesta huolimatta heille tulisi ylivoimainen kysymys, annamme heille t\u00e4yden tukemme ja tarvittaessa saavumme itse mukaan ratkomaan ongelmaa. Pid\u00e4mme varastossamme kaikkia [&hellip;]<\/p>\n","protected":false},"author":1,"featured_media":0,"parent":35,"menu_order":0,"comment_status":"closed","ping_status":"closed","template":"","meta":{"zakra_page_container_layout":"customizer","zakra_page_sidebar_layout":"customizer","zakra_remove_content_margin":false,"zakra_sidebar":"customizer","zakra_transparent_header":"customizer","zakra_logo":0,"zakra_main_header_style":"default","zakra_menu_item_color":"","zakra_menu_item_hover_color":"","zakra_menu_item_active_color":"","zakra_menu_active_style":"","zakra_page_header":true,"footnotes":""},"class_list":["post-40","page","type-page","status-publish","hentry"],"_links":{"self":[{"href":"https:\/\/latausplus.fi\/index.php?rest_route=\/wp\/v2\/pages\/40","targetHints":{"allow":["GET"]}}],"collection":[{"href":"https:\/\/latausplus.fi\/index.php?rest_route=\/wp\/v2\/pages"}],"about":[{"href":"https:\/\/latausplus.fi\/index.php?rest_route=\/wp\/v2\/types\/page"}],"author":[{"embeddable":true,"href":"https:\/\/latausplus.fi\/index.php?rest_route=\/wp\/v2\/users\/1"}],"replies":[{"embeddable":true,"href":"https:\/\/latausplus.fi\/index.php?rest_route=%2Fwp%2Fv2%2Fcomments&post=40"}],"version-history":[{"count":3,"href":"https:\/\/latausplus.fi\/index.php?rest_route=\/wp\/v2\/pages\/40\/revisions"}],"predecessor-version":[{"id":532,"href":"https:\/\/latausplus.fi\/index.php?rest_route=\/wp\/v2\/pages\/40\/revisions\/532"}],"up":[{"embeddable":true,"href":"https:\/\/latausplus.fi\/index.php?rest_route=\/wp\/v2\/pages\/35"}],"wp:attachment":[{"href":"https:\/\/latausplus.fi\/index.php?rest_route=%2Fwp%2Fv2%2Fmedia&parent=40"}],"curies":[{"name":"wp","href":"https:\/\/api.w.org\/{rel}","templated":true}]}}