{"id":42,"date":"2021-03-27T17:50:35","date_gmt":"2021-03-27T17:50:35","guid":{"rendered":"https:\/\/latausplus.fi\/?page_id=42"},"modified":"2024-09-17T13:22:00","modified_gmt":"2024-09-17T13:22:00","slug":"tekniset-asiantuntijapalvelut","status":"publish","type":"page","link":"https:\/\/latausplus.fi\/?page_id=42","title":{"rendered":"Tekniset asiantuntijapalvelut"},"content":{"rendered":"\n<p class=\"has-medium-font-size\"><strong>Tekniset asiantuntijapalvelut<\/strong><\/p>\n\n\n\n<p>Tarjoamme kaikkiin s\u00e4hk\u00f6autoiluun liittyviin kysymyksiin ratkaisut, olivatpa ne sitten latausverkostoon, s\u00e4hk\u00f6liittymiin, laitteiden yhteisk\u00e4ytt\u00f6\u00f6n, lataustapahtumiin tai osittain jopa ajoneuvoihin ja niill\u00e4 ajamiseen liittyvi\u00e4 kysymyksi\u00e4. N\u00e4m\u00e4 palvelumme ulottuvat my\u00f6s Lataus+ laitteiden ulkopuolelle.<\/p>\n\n\n\n<figure class=\"wp-block-image size-large is-resized\"><a href=\"https:\/\/latausplus.fi\/wp-content\/uploads\/2021\/06\/Latauksessa1.jpg\"><img loading=\"lazy\" decoding=\"async\" width=\"800\" height=\"324\" src=\"https:\/\/latausplus.fi\/wp-content\/uploads\/2021\/06\/Latauksessa1.jpg\" alt=\"\" class=\"wp-image-214\" style=\"width:1155px;height:468px\" srcset=\"https:\/\/latausplus.fi\/wp-content\/uploads\/2021\/06\/Latauksessa1.jpg 800w, https:\/\/latausplus.fi\/wp-content\/uploads\/2021\/06\/Latauksessa1-300x122.jpg 300w, https:\/\/latausplus.fi\/wp-content\/uploads\/2021\/06\/Latauksessa1-768x311.jpg 768w\" sizes=\"auto, (max-width: 800px) 100vw, 800px\" \/><\/a><\/figure>\n\n\n\n<p><\/p>\n","protected":false},"excerpt":{"rendered":"<p>Tekniset asiantuntijapalvelut Tarjoamme kaikkiin s\u00e4hk\u00f6autoiluun liittyviin kysymyksiin ratkaisut, olivatpa ne sitten latausverkostoon, s\u00e4hk\u00f6liittymiin, laitteiden yhteisk\u00e4ytt\u00f6\u00f6n, lataustapahtumiin tai osittain jopa ajoneuvoihin ja niill\u00e4 ajamiseen liittyvi\u00e4 kysymyksi\u00e4. N\u00e4m\u00e4 palvelumme ulottuvat my\u00f6s Lataus+ laitteiden ulkopuolelle.<\/p>\n","protected":false},"author":1,"featured_media":0,"parent":35,"menu_order":0,"comment_status":"closed","ping_status":"closed","template":"","meta":{"zakra_page_container_layout":"customizer","zakra_page_sidebar_layout":"customizer","zakra_remove_content_margin":false,"zakra_sidebar":"customizer","zakra_transparent_header":"customizer","zakra_logo":0,"zakra_main_header_style":"default","zakra_menu_item_color":"","zakra_menu_item_hover_color":"","zakra_menu_item_active_color":"","zakra_menu_active_style":"","zakra_page_header":true,"footnotes":""},"class_list":["post-42","page","type-page","status-publish","hentry"],"_links":{"self":[{"href":"https:\/\/latausplus.fi\/index.php?rest_route=\/wp\/v2\/pages\/42","targetHints":{"allow":["GET"]}}],"collection":[{"href":"https:\/\/latausplus.fi\/index.php?rest_route=\/wp\/v2\/pages"}],"about":[{"href":"https:\/\/latausplus.fi\/index.php?rest_route=\/wp\/v2\/types\/page"}],"author":[{"embeddable":true,"href":"https:\/\/latausplus.fi\/index.php?rest_route=\/wp\/v2\/users\/1"}],"replies":[{"embeddable":true,"href":"https:\/\/latausplus.fi\/index.php?rest_route=%2Fwp%2Fv2%2Fcomments&post=42"}],"version-history":[{"count":3,"href":"https:\/\/latausplus.fi\/index.php?rest_route=\/wp\/v2\/pages\/42\/revisions"}],"predecessor-version":[{"id":533,"href":"https:\/\/latausplus.fi\/index.php?rest_route=\/wp\/v2\/pages\/42\/revisions\/533"}],"up":[{"embeddable":true,"href":"https:\/\/latausplus.fi\/index.php?rest_route=\/wp\/v2\/pages\/35"}],"wp:attachment":[{"href":"https:\/\/latausplus.fi\/index.php?rest_route=%2Fwp%2Fv2%2Fmedia&parent=42"}],"curies":[{"name":"wp","href":"https:\/\/api.w.org\/{rel}","templated":true}]}}