{"id":422,"date":"2024-09-04T17:31:00","date_gmt":"2024-09-04T17:31:00","guid":{"rendered":"https:\/\/latausplus.fi\/?page_id=422"},"modified":"2024-09-19T16:53:02","modified_gmt":"2024-09-19T16:53:02","slug":"lataaminen","status":"publish","type":"page","link":"https:\/\/latausplus.fi\/?page_id=422","title":{"rendered":"Lataaminen"},"content":{"rendered":"\n<p>Tarjoamme s\u00e4hk\u00f6autoilijoille latauspalvelua meid\u00e4n omilla laitteillamme.<\/p>\n\n\n\n<p>Kumppanimme on t\u00e4ll\u00e4 hetkell\u00e4 Sveitsil\u00e4inen eCarUp AG.<\/p>\n\n\n\n<p>Lataa helppok\u00e4ytt\u00f6inen eCarUp-sovellus mobiililaitteeseesi seuraavista linkeist\u00e4:<\/p>\n\n\n\n<figure class=\"wp-block-image size-full is-resized\"><a href=\"https:\/\/play.google.com\/store\/apps\/details?id=com.ecarup\"><img loading=\"lazy\" decoding=\"async\" width=\"370\" height=\"100\" src=\"https:\/\/latausplus.fi\/wp-content\/uploads\/2024\/09\/Get-in-on-Google-Play.png\" alt=\"\" class=\"wp-image-425\" style=\"width:220px;height:auto\" srcset=\"https:\/\/latausplus.fi\/wp-content\/uploads\/2024\/09\/Get-in-on-Google-Play.png 370w, https:\/\/latausplus.fi\/wp-content\/uploads\/2024\/09\/Get-in-on-Google-Play-300x81.png 300w\" sizes=\"auto, (max-width: 370px) 100vw, 370px\" \/><\/a><\/figure>\n\n\n\n<figure class=\"wp-block-image size-full is-resized\"><a href=\"https:\/\/apps.apple.com\/ch\/app\/ecarup\/id1235434854\"><img loading=\"lazy\" decoding=\"async\" width=\"370\" height=\"100\" src=\"https:\/\/latausplus.fi\/wp-content\/uploads\/2024\/09\/Download-on-the-App-Store.png\" alt=\"\" class=\"wp-image-424\" style=\"width:223px;height:auto\" srcset=\"https:\/\/latausplus.fi\/wp-content\/uploads\/2024\/09\/Download-on-the-App-Store.png 370w, https:\/\/latausplus.fi\/wp-content\/uploads\/2024\/09\/Download-on-the-App-Store-300x81.png 300w\" sizes=\"auto, (max-width: 370px) 100vw, 370px\" \/><\/a><\/figure>\n","protected":false},"excerpt":{"rendered":"<p>Tarjoamme s\u00e4hk\u00f6autoilijoille latauspalvelua meid\u00e4n omilla laitteillamme. Kumppanimme on t\u00e4ll\u00e4 hetkell\u00e4 Sveitsil\u00e4inen eCarUp AG. Lataa helppok\u00e4ytt\u00f6inen eCarUp-sovellus mobiililaitteeseesi seuraavista linkeist\u00e4:<\/p>\n","protected":false},"author":1,"featured_media":0,"parent":35,"menu_order":0,"comment_status":"closed","ping_status":"closed","template":"","meta":{"zakra_page_container_layout":"customizer","zakra_page_sidebar_layout":"customizer","zakra_remove_content_margin":false,"zakra_sidebar":"customizer","zakra_transparent_header":"customizer","zakra_logo":0,"zakra_main_header_style":"default","zakra_menu_item_color":"","zakra_menu_item_hover_color":"","zakra_menu_item_active_color":"","zakra_menu_active_style":"","zakra_page_header":true,"footnotes":""},"class_list":["post-422","page","type-page","status-publish","hentry"],"_links":{"self":[{"href":"https:\/\/latausplus.fi\/index.php?rest_route=\/wp\/v2\/pages\/422","targetHints":{"allow":["GET"]}}],"collection":[{"href":"https:\/\/latausplus.fi\/index.php?rest_route=\/wp\/v2\/pages"}],"about":[{"href":"https:\/\/latausplus.fi\/index.php?rest_route=\/wp\/v2\/types\/page"}],"author":[{"embeddable":true,"href":"https:\/\/latausplus.fi\/index.php?rest_route=\/wp\/v2\/users\/1"}],"replies":[{"embeddable":true,"href":"https:\/\/latausplus.fi\/index.php?rest_route=%2Fwp%2Fv2%2Fcomments&post=422"}],"version-history":[{"count":5,"href":"https:\/\/latausplus.fi\/index.php?rest_route=\/wp\/v2\/pages\/422\/revisions"}],"predecessor-version":[{"id":843,"href":"https:\/\/latausplus.fi\/index.php?rest_route=\/wp\/v2\/pages\/422\/revisions\/843"}],"up":[{"embeddable":true,"href":"https:\/\/latausplus.fi\/index.php?rest_route=\/wp\/v2\/pages\/35"}],"wp:attachment":[{"href":"https:\/\/latausplus.fi\/index.php?rest_route=%2Fwp%2Fv2%2Fmedia&parent=422"}],"curies":[{"name":"wp","href":"https:\/\/api.w.org\/{rel}","templated":true}]}}