{"id":44,"date":"2021-03-27T17:52:09","date_gmt":"2021-03-27T17:52:09","guid":{"rendered":"https:\/\/latausplus.fi\/?page_id=44"},"modified":"2024-09-19T16:54:46","modified_gmt":"2024-09-19T16:54:46","slug":"latauslaitteiden-tarve-ja-asennuskartoitukset","status":"publish","type":"page","link":"https:\/\/latausplus.fi\/?page_id=44","title":{"rendered":"Latauslaitteiden tarve- ja asennuskartoitukset"},"content":{"rendered":"\n<p class=\"has-medium-font-size\"><strong>Latauslaitteiden tarve- ja asennuskartoitukset<\/strong><\/p>\n\n\n\n<p>S\u00e4hk\u00f6autoilu ja sen vaatima tekniikka s\u00e4hk\u00f6n tarpeineen on yleisesti melko tuntematonta, tarjoamme t\u00e4h\u00e4n apua. N\u00e4m\u00e4 kysymykset ovat usein asioita, jotka vaativat monesti ymm\u00e4rt\u00e4myst\u00e4 my\u00f6s tekniikan ulkopuolelta sek\u00e4 ratkaisun l\u00f6yt\u00e4mist\u00e4 siten, ett\u00e4 se olisi tasapuolinen ja edullinen kaikille.<\/p>\n\n\n\n<p>Lataus+ laitteiden kehityksess\u00e4 on otettu huomioon erilaiset skenaariot, jotka on suunniteltu vaikeimpien yhdistelmien ratkaisujen helpottamiseksi. Oikeat ratkaisut vaativat my\u00f6s ymm\u00e4rt\u00e4myst\u00e4 s\u00e4hk\u00f6verkostosta, joista Lataus+ henkil\u00f6st\u00f6ll\u00e4 on pitk\u00e4t kokemukset jo kauan ennen kuin s\u00e4hk\u00f6autoja edes ilmestyi maanteillemme.<\/p>\n\n\n\n<p>Kartoitusty\u00f6 sis\u00e4lt\u00e4\u00e4 usein yhteydenpidon paikalliseen s\u00e4hk\u00f6yhti\u00f6\u00f6n sek\u00e4 paikallisiin s\u00e4hk\u00f6alan toimijoihin, jotta kartoitusty\u00f6n tilaajan ei tarvitse mietti\u00e4 kysymyksi\u00e4 en\u00e4\u00e4 heid\u00e4n kanssaan.<\/p>\n\n\n\n<figure class=\"wp-block-image size-large\"><a href=\"https:\/\/latausplus.fi\/wp-content\/uploads\/2021\/06\/katos1.jpg\"><img loading=\"lazy\" decoding=\"async\" width=\"1024\" height=\"768\" src=\"https:\/\/latausplus.fi\/wp-content\/uploads\/2021\/06\/katos1.jpg\" alt=\"\" class=\"wp-image-199\" srcset=\"https:\/\/latausplus.fi\/wp-content\/uploads\/2021\/06\/katos1.jpg 1024w, https:\/\/latausplus.fi\/wp-content\/uploads\/2021\/06\/katos1-300x225.jpg 300w, https:\/\/latausplus.fi\/wp-content\/uploads\/2021\/06\/katos1-768x576.jpg 768w\" sizes=\"auto, (max-width: 1024px) 100vw, 1024px\" \/><\/a><figcaption class=\"wp-element-caption\">Autokatos vanhalla tyylill\u00e4. Kaikesta huolimatta t\u00e4m\u00e4kin voidaan modernisoida ja varustaa s\u00e4hk\u00f6autojen latauspisteill\u00e4<\/figcaption><\/figure>\n\n\n\n<p>Jokainen tapaus arvioidaan erikseen ja kaikki vaihtoehdot k\u00e4yd\u00e4\u00e4n l\u00e4pi, joista kiinteist\u00f6n omistajalle esitet\u00e4\u00e4n ne, jotka tulevat oikeasti kysymykseen. Joskus ammattilainenkin joutuu hakemalla hakemaan parasta ratkaisua. Ongelmia aiheutuu mm. s\u00e4hk\u00f6liittymien ja vanhojen keskusten kapasiteetissa, kaapelointireiteiss\u00e4 ja alueiden suojeluun kaivamiselta, j\u00e4rkevien latauspaikkojen valinnassa sek\u00e4 erilaisten osuuskysymysten vaihtoehtoina. Yleens\u00e4 ongelmat kuitenkin selvi\u00e4v\u00e4t kohtuullisen helpolla. Hankinnan tasapaino edellytt\u00e4\u00e4 tarpeiden, mahdollisuuksien, tulevaisuuden laajenemisen sek\u00e4 kustannusten huomioon ottamisen.<\/p>\n","protected":false},"excerpt":{"rendered":"<p>Latauslaitteiden tarve- ja asennuskartoitukset S\u00e4hk\u00f6autoilu ja sen vaatima tekniikka s\u00e4hk\u00f6n tarpeineen on yleisesti melko tuntematonta, tarjoamme t\u00e4h\u00e4n apua. N\u00e4m\u00e4 kysymykset ovat usein asioita, jotka vaativat monesti ymm\u00e4rt\u00e4myst\u00e4 my\u00f6s tekniikan ulkopuolelta sek\u00e4 ratkaisun l\u00f6yt\u00e4mist\u00e4 siten, ett\u00e4 se olisi tasapuolinen ja edullinen kaikille. Lataus+ laitteiden kehityksess\u00e4 on otettu huomioon erilaiset skenaariot, jotka on suunniteltu vaikeimpien yhdistelmien ratkaisujen [&hellip;]<\/p>\n","protected":false},"author":1,"featured_media":0,"parent":35,"menu_order":0,"comment_status":"closed","ping_status":"closed","template":"","meta":{"zakra_page_container_layout":"customizer","zakra_page_sidebar_layout":"customizer","zakra_remove_content_margin":false,"zakra_sidebar":"customizer","zakra_transparent_header":"customizer","zakra_logo":0,"zakra_main_header_style":"default","zakra_menu_item_color":"","zakra_menu_item_hover_color":"","zakra_menu_item_active_color":"","zakra_menu_active_style":"","zakra_page_header":true,"footnotes":""},"class_list":["post-44","page","type-page","status-publish","hentry"],"_links":{"self":[{"href":"https:\/\/latausplus.fi\/index.php?rest_route=\/wp\/v2\/pages\/44","targetHints":{"allow":["GET"]}}],"collection":[{"href":"https:\/\/latausplus.fi\/index.php?rest_route=\/wp\/v2\/pages"}],"about":[{"href":"https:\/\/latausplus.fi\/index.php?rest_route=\/wp\/v2\/types\/page"}],"author":[{"embeddable":true,"href":"https:\/\/latausplus.fi\/index.php?rest_route=\/wp\/v2\/users\/1"}],"replies":[{"embeddable":true,"href":"https:\/\/latausplus.fi\/index.php?rest_route=%2Fwp%2Fv2%2Fcomments&post=44"}],"version-history":[{"count":9,"href":"https:\/\/latausplus.fi\/index.php?rest_route=\/wp\/v2\/pages\/44\/revisions"}],"predecessor-version":[{"id":844,"href":"https:\/\/latausplus.fi\/index.php?rest_route=\/wp\/v2\/pages\/44\/revisions\/844"}],"up":[{"embeddable":true,"href":"https:\/\/latausplus.fi\/index.php?rest_route=\/wp\/v2\/pages\/35"}],"wp:attachment":[{"href":"https:\/\/latausplus.fi\/index.php?rest_route=%2Fwp%2Fv2%2Fmedia&parent=44"}],"curies":[{"name":"wp","href":"https:\/\/api.w.org\/{rel}","templated":true}]}}