{"id":63,"date":"2021-03-27T18:53:55","date_gmt":"2021-03-27T18:53:55","guid":{"rendered":"https:\/\/latausplus.fi\/?page_id=63"},"modified":"2024-09-19T07:16:32","modified_gmt":"2024-09-19T07:16:32","slug":"yhteystiedot","status":"publish","type":"page","link":"https:\/\/latausplus.fi\/?page_id=63","title":{"rendered":"Yhteystiedot"},"content":{"rendered":"\n<p class=\"has-medium-font-size\"><strong>Ota yhteytt\u00e4<\/strong><\/p>\n\n\n\n<p>Lataus+<br>Kuusamontie 1470<br>90940 J\u00e4\u00e4li<br><br><strong>Tekninen asiakaspalvelu, arkisin klo 9-16<\/strong>: 08 8194 400<\/p>\n\n\n\n<p><strong>Myynti<\/strong>: 044 7325 035 \/ myynti@latausplus.fi <br><br><strong>P\u00e4ivystys 24\/7:<\/strong> 044 7325 040<\/p>\n\n\n\n<p><\/p>\n\n\n\n<p>Yleiset asiat: info@latausplus.fi <\/p>\n\n\n\n<p><\/p>\n\n\n\n<p><small>Latausplus on Peartek Oy:n rekister\u00f6ity aputoiminimi, jonka toimialana on toimia s\u00e4hk\u00f6autoilun puolesta mahdollistaen niiden k\u00e4yt\u00f6n kaikille kuljettajille sek\u00e4 s\u00e4hk\u00f6autojen k\u00e4ytt\u00e4misen Suomen jokaisella tiekilometrill\u00e4.<\/small><\/p>\n","protected":false},"excerpt":{"rendered":"<p>Ota yhteytt\u00e4 Lataus+Kuusamontie 147090940 J\u00e4\u00e4li Tekninen asiakaspalvelu, arkisin klo 9-16: 08 8194 400 Myynti: 044 7325 035 \/ myynti@latausplus.fi P\u00e4ivystys 24\/7: 044 7325 040 Yleiset asiat: info@latausplus.fi Latausplus on Peartek Oy:n rekister\u00f6ity aputoiminimi, jonka toimialana on toimia s\u00e4hk\u00f6autoilun puolesta mahdollistaen niiden k\u00e4yt\u00f6n kaikille kuljettajille sek\u00e4 s\u00e4hk\u00f6autojen k\u00e4ytt\u00e4misen Suomen jokaisella tiekilometrill\u00e4.<\/p>\n","protected":false},"author":1,"featured_media":0,"parent":0,"menu_order":0,"comment_status":"closed","ping_status":"closed","template":"","meta":{"zakra_page_container_layout":"customizer","zakra_page_sidebar_layout":"customizer","zakra_remove_content_margin":false,"zakra_sidebar":"customizer","zakra_transparent_header":"customizer","zakra_logo":0,"zakra_main_header_style":"default","zakra_menu_item_color":"","zakra_menu_item_hover_color":"","zakra_menu_item_active_color":"","zakra_menu_active_style":"","zakra_page_header":true,"footnotes":""},"class_list":["post-63","page","type-page","status-publish","hentry"],"_links":{"self":[{"href":"https:\/\/latausplus.fi\/index.php?rest_route=\/wp\/v2\/pages\/63","targetHints":{"allow":["GET"]}}],"collection":[{"href":"https:\/\/latausplus.fi\/index.php?rest_route=\/wp\/v2\/pages"}],"about":[{"href":"https:\/\/latausplus.fi\/index.php?rest_route=\/wp\/v2\/types\/page"}],"author":[{"embeddable":true,"href":"https:\/\/latausplus.fi\/index.php?rest_route=\/wp\/v2\/users\/1"}],"replies":[{"embeddable":true,"href":"https:\/\/latausplus.fi\/index.php?rest_route=%2Fwp%2Fv2%2Fcomments&post=63"}],"version-history":[{"count":13,"href":"https:\/\/latausplus.fi\/index.php?rest_route=\/wp\/v2\/pages\/63\/revisions"}],"predecessor-version":[{"id":784,"href":"https:\/\/latausplus.fi\/index.php?rest_route=\/wp\/v2\/pages\/63\/revisions\/784"}],"wp:attachment":[{"href":"https:\/\/latausplus.fi\/index.php?rest_route=%2Fwp%2Fv2%2Fmedia&parent=63"}],"curies":[{"name":"wp","href":"https:\/\/api.w.org\/{rel}","templated":true}]}}